{"id":149,"date":"2024-06-30T17:48:12","date_gmt":"2024-06-30T17:48:12","guid":{"rendered":"https:\/\/cosimo.anerwelten.lu\/?page_id=149"},"modified":"2024-06-30T18:00:27","modified_gmt":"2024-06-30T18:00:27","slug":"academia","status":"publish","type":"page","link":"https:\/\/cosimo.anerwelten.lu\/?page_id=149","title":{"rendered":"Academia"},"content":{"rendered":"\t\t<div data-elementor-type=\"wp-page\" data-elementor-id=\"149\" class=\"elementor elementor-149\">\n\t\t\t\t\t\t<section class=\"elementor-section elementor-top-section elementor-element elementor-element-178fa27 elementor-section-boxed elementor-section-height-default elementor-section-height-default\" data-id=\"178fa27\" data-element_type=\"section\">\n\t\t\t\t\t\t\t<div class=\"elementor-background-overlay\"><\/div>\n\t\t\t\t\t\t\t<div class=\"elementor-container elementor-column-gap-default\">\n\t\t\t\t\t<div class=\"elementor-column elementor-col-100 elementor-top-column elementor-element elementor-element-a8bb327\" data-id=\"a8bb327\" data-element_type=\"column\">\n\t\t\t<div class=\"elementor-widget-wrap elementor-element-populated\">\n\t\t\t\t\t\t<div class=\"elementor-element elementor-element-6250e74 elementor-widget__width-initial elementor-invisible elementor-widget elementor-widget-text-editor\" data-id=\"6250e74\" data-element_type=\"widget\" data-settings=\"{&quot;_animation&quot;:&quot;fadeIn&quot;}\" data-widget_type=\"text-editor.default\">\n\t\t\t\t<div class=\"elementor-widget-container\">\n\t\t\t\t\t\t\t<p>Cosimo is currently doing a PhD about Luxembourgish Literature at the University of Luxembourg. His research includes: Distant Reading, Digital Humanities, Marxism, Speculative Fiction, and Luxembourgish Literature.<\/p>\t\t\t\t\t\t<\/div>\n\t\t\t\t<\/div>\n\t\t\t\t\t<\/div>\n\t\t<\/div>\n\t\t\t\t\t<\/div>\n\t\t<\/section>\n\t\t\t\t<section class=\"elementor-section elementor-top-section elementor-element elementor-element-d8b06b0 elementor-section-boxed elementor-section-height-default elementor-section-height-default\" data-id=\"d8b06b0\" data-element_type=\"section\">\n\t\t\t\t\t\t<div class=\"elementor-container elementor-column-gap-default\">\n\t\t\t\t\t<div class=\"elementor-column elementor-col-100 elementor-top-column elementor-element elementor-element-dcd1812\" data-id=\"dcd1812\" data-element_type=\"column\">\n\t\t\t<div class=\"elementor-widget-wrap elementor-element-populated\">\n\t\t\t\t\t\t<div class=\"elementor-element elementor-element-6723384 elementor-widget-divider--view-line_icon elementor-view-default elementor-widget-divider--element-align-center elementor-widget elementor-widget-divider\" data-id=\"6723384\" data-element_type=\"widget\" data-widget_type=\"divider.default\">\n\t\t\t\t<div class=\"elementor-widget-container\">\n\t\t\t\t\t<div class=\"elementor-divider\">\n\t\t\t<span class=\"elementor-divider-separator\">\n\t\t\t\t\t\t\t<div class=\"elementor-icon elementor-divider__element\">\n\t\t\t\t\t<i aria-hidden=\"true\" class=\"far fa-comments\"><\/i><\/div>\n\t\t\t\t\t\t<\/span>\n\t\t<\/div>\n\t\t\t\t<\/div>\n\t\t\t\t<\/div>\n\t\t\t\t<div class=\"elementor-element elementor-element-715426c elementor-widget elementor-widget-text-editor\" data-id=\"715426c\" data-element_type=\"widget\" data-widget_type=\"text-editor.default\">\n\t\t\t\t<div class=\"elementor-widget-container\">\n\t\t\t\t\t\t\t<p><strong>Conferences<\/strong><\/p><p>\u00bb &#8216;Eine versunkene Insel&#8217;: Dat Onheemlecht am<br \/>Abrei\u00dfkalender vum Batty Weber an an de Wierker vum H.P. Lovecraft. (Batty Weber Tagung, University of Luxembourg, 2023)<\/p><p>\u00bb Disrupting Solarpunk: Transition and The Need for Hope in Despair (Disruptive Imagination, TU Dresden, 2023)<\/p><p>\u00bb Rapping, Annotating, Reading Close: (Luxembourgish) Rap Lyrics as Literature (Lit\u00e9rature et Musique au Luxembourg, Colloque de la Soci\u00e9t\u00e9 luxembourgeoise de litt\u00e9rature g\u00e9n\u00e9rale et compar\u00e9e, 2024)<em><br \/><\/em><\/p>\t\t\t\t\t\t<\/div>\n\t\t\t\t<\/div>\n\t\t\t\t\t<\/div>\n\t\t<\/div>\n\t\t\t\t\t<\/div>\n\t\t<\/section>\n\t\t\t\t<section class=\"elementor-section elementor-top-section elementor-element elementor-element-1d24f92 elementor-section-boxed elementor-section-height-default elementor-section-height-default\" data-id=\"1d24f92\" data-element_type=\"section\">\n\t\t\t\t\t\t<div class=\"elementor-container elementor-column-gap-default\">\n\t\t\t\t\t<div class=\"elementor-column elementor-col-100 elementor-top-column elementor-element elementor-element-73af820\" data-id=\"73af820\" data-element_type=\"column\">\n\t\t\t<div class=\"elementor-widget-wrap elementor-element-populated\">\n\t\t\t\t\t\t<div class=\"elementor-element elementor-element-e95835c elementor-widget-divider--view-line_icon elementor-view-default elementor-widget-divider--element-align-center elementor-widget elementor-widget-divider\" data-id=\"e95835c\" data-element_type=\"widget\" data-widget_type=\"divider.default\">\n\t\t\t\t<div class=\"elementor-widget-container\">\n\t\t\t\t\t<div class=\"elementor-divider\">\n\t\t\t<span class=\"elementor-divider-separator\">\n\t\t\t\t\t\t\t<div class=\"elementor-icon elementor-divider__element\">\n\t\t\t\t\t<i aria-hidden=\"true\" class=\"fas fa-pen-nib\"><\/i><\/div>\n\t\t\t\t\t\t<\/span>\n\t\t<\/div>\n\t\t\t\t<\/div>\n\t\t\t\t<\/div>\n\t\t\t\t<div class=\"elementor-element elementor-element-a5e6427 elementor-widget elementor-widget-text-editor\" data-id=\"a5e6427\" data-element_type=\"widget\" data-widget_type=\"text-editor.default\">\n\t\t\t\t<div class=\"elementor-widget-container\">\n\t\t\t\t\t\t\t<p><strong>Articles<\/strong><\/p><p>\u00bb &#8216;Eine versunkene Insel&#8217;: Dat Onheemlecht am<br \/>Abrei\u00dfkalender vum Batty Weber an an de Wierker vum H.P. Lovecraft. (<em>coming up<\/em>)<\/p><p>\u00bb Rapping, Annotating, Reading Close: (Luxembourgish) Rap Lyrics as Literature (<em>coming up<\/em>)<em><br \/><\/em><\/p>\t\t\t\t\t\t<\/div>\n\t\t\t\t<\/div>\n\t\t\t\t\t<\/div>\n\t\t<\/div>\n\t\t\t\t\t<\/div>\n\t\t<\/section>\n\t\t\t\t<\/div>\n\t\t","protected":false},"excerpt":{"rendered":"<p>Cosimo is currently doing a PhD about Luxembourgish Literature at the University of Luxembourg. His research includes: Distant Reading, Digital Humanities, Marxism, Speculative Fiction, and Luxembourgish Literature. Conferences \u00bb &#8216;Eine versunkene Insel&#8217;: Dat Onheemlecht amAbrei\u00dfkalender vum Batty Weber an an de Wierker vum H.P. Lovecraft. (Batty Weber Tagung, University of Luxembourg, 2023) \u00bb Disrupting Solarpunk: [&hellip;]<\/p>\n","protected":false},"author":1,"featured_media":0,"parent":0,"menu_order":0,"comment_status":"closed","ping_status":"closed","template":"","meta":{"footnotes":""},"class_list":["post-149","page","type-page","status-publish","hentry"],"_links":{"self":[{"href":"https:\/\/cosimo.anerwelten.lu\/index.php?rest_route=\/wp\/v2\/pages\/149","targetHints":{"allow":["GET"]}}],"collection":[{"href":"https:\/\/cosimo.anerwelten.lu\/index.php?rest_route=\/wp\/v2\/pages"}],"about":[{"href":"https:\/\/cosimo.anerwelten.lu\/index.php?rest_route=\/wp\/v2\/types\/page"}],"author":[{"embeddable":true,"href":"https:\/\/cosimo.anerwelten.lu\/index.php?rest_route=\/wp\/v2\/users\/1"}],"replies":[{"embeddable":true,"href":"https:\/\/cosimo.anerwelten.lu\/index.php?rest_route=%2Fwp%2Fv2%2Fcomments&post=149"}],"version-history":[{"count":4,"href":"https:\/\/cosimo.anerwelten.lu\/index.php?rest_route=\/wp\/v2\/pages\/149\/revisions"}],"predecessor-version":[{"id":153,"href":"https:\/\/cosimo.anerwelten.lu\/index.php?rest_route=\/wp\/v2\/pages\/149\/revisions\/153"}],"wp:attachment":[{"href":"https:\/\/cosimo.anerwelten.lu\/index.php?rest_route=%2Fwp%2Fv2%2Fmedia&parent=149"}],"curies":[{"name":"wp","href":"https:\/\/api.w.org\/{rel}","templated":true}]}}